{"id":389,"date":"2025-07-09T10:25:40","date_gmt":"2025-07-09T10:25:40","guid":{"rendered":"https:\/\/transformationcamp.com\/allgemeine_geschaeftsbedingungen\/"},"modified":"2026-04-02T13:27:44","modified_gmt":"2026-04-02T13:27:44","slug":"allgemeine_geschaeftsbedingungen","status":"publish","type":"page","link":"https:\/\/transformationcamp.com\/ticket-shop\/allgemeine_geschaeftsbedingungen\/","title":{"rendered":"Allgemeine Nutzungs &#8211; und Gesch\u00e4ftsbedingungen"},"content":{"rendered":"<div class=\"et_pb_section_0 et_pb_section et_section_regular et_flex_section\"><div class=\"et_pb_row_0 et_pb_row et_flex_row\"><div class=\"et_pb_column_0 et_pb_column et-last-child et_flex_column et_pb_css_mix_blend_mode_passthrough et_flex_column_24_24 et_flex_column_24_24_phone\"><div class=\"et_pb_text_0 et_pb_text et_pb_bg_layout_light et_pb_module et_flex_module\"><div class=\"et_pb_text_inner\"><p><!-- wp:paragraph --><\/p>\n<p><strong>Betreiber der Plattform:<\/strong><br \/>fifty1 GmbH<br \/>QBC 4 - Am Belvedere 4<br \/>1100 Wien<br \/>Firmenbuchnummer: FN 463235d<\/p>\n<p><!-- \/wp:paragraph --><\/p>\n<p><!-- wp:heading --><\/p>\n<h2 class=\"wp-block-heading\">Pr\u00e4ambel<\/h2>\n<p><!-- \/wp:heading --><\/p>\n<p><!-- wp:paragraph --><\/p>\n<p>Die folgenden Allgemeinen Gesch\u00e4ftsbedingungen (AGB Teilnehmer) gelten f\u00fcr alle Gesch\u00e4ftsbeziehungen zwischen dem Nutzer, Teilnehmer, der fifty1 GmbH und dem Dienstleister aus der Nutzung der Online-Plattform www.transformationcamp.com\/ticket-shop \u201eTC\u201c (im Folgenden kurz: Dienste) und dem Abschluss von Dienstleistungsvertr\u00e4gen. Ma\u00dfgeblich ist jeweils die zum Zeitpunkt des Vertragsschlusses g\u00fcltige Fassung. Abweichende, entgegenstehende oder erg\u00e4nzende AGB werden, selbst bei Kenntnis, nicht Vertragsbestandteil, es sei denn, ihrer Geltung wird von fifty1 ausdr\u00fccklich schriftlich zugestimmt. AGB des Teilnehmers widerspricht der fifty1 ausdr\u00fccklich. \u00c4nderungen der AGB werden dem Teilnehmer bekanntgegeben und gelten als vereinbart, wenn der Teilnehmer den ge\u00e4nderten AGB nicht schriftlich binnen 14 Tagen widerspricht; auf die Bedeutung des Schweigens wird der Teilnehmer in der Verst\u00e4ndigung ausdr\u00fccklich hingewiesen.<\/p>\n<p><!-- \/wp:paragraph --><\/p>\n<p><!-- wp:paragraph --><\/p>\n<p>Der Vertragsinhalt, alle sonstigen Informationen, Kundendienst, Dateninformationen und Beschwerdeerledigung werden in deutscher Sprache angeboten.<\/p>\n<p><!-- \/wp:paragraph --><\/p>\n<p><!-- wp:heading --><\/p>\n<h2 class=\"wp-block-heading\">1. Vertragsgegenstand<\/h2>\n<p><!-- \/wp:heading --><\/p>\n<p><!-- wp:paragraph --><\/p>\n<p>a) fifty1 betreibt eine webbasierte Anmeldeplattform (\u201ePlattform\u201c), derzeit abrufbar unter www.transformationcamp.com\/ticket-shop (TC24), mit dem online Dienstleistungen von Dienstleistern vermittelt werden. fifty1 vermittelt \u00fcber die Plattform Dienstleistungsvertr\u00e4ge. Die Plattform stellt Funktionen zur vereinfachten Dienstleistungsan- und -abmeldung zur Verf\u00fcgung. Dabei handelt es sich um Freizeit-Dienstleistungen im Sinne des \u00a7 5c Absatz 4 Z 2 KSchG; der Dienstleister erbringt die Dienstleistung zu einem bestimmten Zeitpunkt bzw. innerhalb eines genau angegebenen Zeitraumes. Die Vermittlung erfolgt durch Anmeldung des (potentiellen) Teilnehmers bei der elektronischen Anmeldeplattform \u201eTC\u201c.<\/p>\n<p><!-- \/wp:paragraph --><\/p>\n<p><!-- wp:paragraph --><\/p>\n<p>Der vermittelte Dienstleistungsvertrag kommt alleine zwischen dem Dienstleister und dem Teilnehmer zustande. F\u00fcr die Durchf\u00fchrung, den Umfang und die Inhalte der Dienstleistung ist der Dienstleister alleine verantwortlich. Somit sind etwaige Anspr\u00fcche jeglicher Art im Zusammenhang mit der Dienstleistung ausschlie\u00dflich an diesen zu richten.<\/p>\n<p><!-- \/wp:paragraph --><\/p>\n<p><!-- wp:heading --><\/p>\n<h2 class=\"wp-block-heading\">2. Anmeldung<\/h2>\n<p><!-- \/wp:heading --><\/p>\n<p><!-- wp:paragraph --><\/p>\n<p>a) Die Anmeldung zur Teilnahme an Dienstleistungen erfolgt \u00fcber das Internetportal\u00a0<a href=\"https:\/\/www.transformationcamp.com\/ticket-shop\">www.transformationcamp.com\/ticket-shop<\/a>. Dort hat der Teilnehmer das elektronische Anmeldeformular f\u00fcr die jeweilige Dienstleistung auszuf\u00fcllen. Nach Absendung der Anmeldung und Entrichtung der Dienstleistungsgeb\u00fchr erh\u00e4lt der Teilnehmer eine elektronische Anmeldebest\u00e4tigung an die von ihm bekanntgegebene, g\u00fcltige E-Mail-Adresse. Diese Anmeldebest\u00e4tigung beinhaltet neben einer Rechnungs- und Zahlungsbest\u00e4tigung (PDF) die Daten des Teilnehmers, der Dienstleistung sowie die Identifizierungsnummer. Mit Zugang dieser elektronischen Anmeldebest\u00e4tigung an den Teilnehmer kommt der Vertrag mit der fifty1 und dem jeweiligen Dienstleister zustande.<\/p>\n<p><!-- \/wp:paragraph --><\/p>\n<p><!-- wp:paragraph --><\/p>\n<p>b) Jede Anmeldung ist verbindlich. Eine Stornierung findet nur nach den Bestimmungen des Punktes 6. dieser AGB statt.<\/p>\n<p><!-- \/wp:paragraph --><\/p>\n<p><!-- wp:paragraph --><\/p>\n<p>c) Eine erfolgreiche Anmeldung und deren ordnungsgem\u00e4\u00dfen Bezahlung berechtigt zum Besuch der jeweiligen Dienstleistung. Punkt 7. dieser AGB bleibt hiervon jedoch unber\u00fchrt.<\/p>\n<p><!-- \/wp:paragraph --><\/p>\n<p><!-- wp:heading --><\/p>\n<h2 class=\"wp-block-heading\">3. Dienstleistungsgeb\u00fchr<\/h2>\n<p><!-- \/wp:heading --><\/p>\n<p><!-- wp:paragraph --><\/p>\n<p>Die Dienstleistungsgeb\u00fchr wird vom Dienstleister festgelegt und die fifty1 hat darauf keinen Einfluss. Die Dienstleistungsgeb\u00fchr beinhaltet auch bereits s\u00e4mtliche etwaigen Abgaben, Steuern, die Provision der fifty1 , sowie die Transaktionskosten des Zahlungsverkehrs. Die Dienstleistungsgeb\u00fchr ist im Rahmen des Anmeldevorganges als Brutto-Gesamtbetrag ersichtlich, soweit vom Dienstleister nicht anders angegeben, und durch den jeweiligen Teilnehmer an die fifty1 zu entrichten, die vom jeweiligen Dienstleister auch zum Inkasso der Dienstleistungsgeb\u00fchr beauftragt und berechtigt ist. Die Verrechnung erfolgt in Euro.<\/p>\n<p><!-- \/wp:paragraph --><\/p>\n<p><!-- wp:heading --><\/p>\n<h2 class=\"wp-block-heading\">4. Bezahlung<\/h2>\n<p><!-- \/wp:heading --><\/p>\n<p><!-- wp:paragraph --><\/p>\n<p>a) Im Zuge der Anmeldung hat der Teilnehmer die Zahlungsart f\u00fcr die Begleichung der Dienstleistungsgeb\u00fchr auszuw\u00e4hlen, wobei er sich f\u00fcr eine Bezahlung per Stripe, Kreditkarte und Vorauskasse (Rechnung) entscheiden kann. Die Bezahlung hat sogleich mit der Anmeldung zu erfolgen. Eine g\u00fcltige Anmeldung setzt eine durchgef\u00fchrte Bezahlung seitens des Teilnehmers voraus. Nur wenn die Anmeldung abgeschlossen ist und die Bezahlung seitens des Teilnehmers erfolgt ist, erh\u00e4lt der jeweilige Teilnehmer die Anmeldebest\u00e4tigung gem\u00e4\u00df Punkt 2. a).<\/p>\n<p><!-- \/wp:paragraph --><\/p>\n<p><!-- wp:paragraph --><\/p>\n<p>b) Bei Zahlung per Kreditkarte erfolgt die Belastung in der Regel binnen 7 Tagen. Bei der Kreditkartenzahlung gibt der Kunde folgende Daten an: Kartennummer, G\u00fcltigkeitsdatum, CVC\/CVV-Code. Die Daten werden per SSL-Verschl\u00fcsselung mit mindestens 256 Bit Schl\u00fcssel \u00fcbertragen und sind somit f\u00fcr Unbefugte nicht einsehbar. Die Verarbeitung erfolgt \u00fcber unseren PCI-DSS zertifizierten Payment Service Provider,&nbsp;Stripe Payments Europe, Limited<\/p>\n<p><!-- \/wp:paragraph --><\/p>\n<p><!-- wp:paragraph --><\/p>\n<p>c) Sofern der Name des Teilnehmers und des Kreditkarteninhabers voneinander abweichen, beh\u00e4lt sich fifty1 das Recht vor, den Vertragsabschluss binnen 7 Tagen nach Anmeldedatum (= Absendedatum der Anmeldung) abzulehnen. Jedenfalls ist der Teilnehmer, unbeschadet dar\u00fcber hinaus gehender Schadenersatzanspr\u00fcche, verpflichtet, fifty1 die gesamten Geb\u00fchren zu bezahlen, sollte die Zahlung durch Dritte mi\u00dfbr\u00e4uchlich oder nicht schuldbefreiend erfolgen.<\/p>\n<p><!-- \/wp:paragraph --><\/p>\n<p><!-- wp:paragraph --><\/p>\n<p>e) Die Zahlung des Dienstleistungsentgeltes erfolgt \u00fcber die beim Zahlungsvorgang vorgegebenen Zahlungsm\u00f6glichkeiten.<\/p>\n<p><!-- \/wp:paragraph --><\/p>\n<p><!-- wp:paragraph --><\/p>\n<p>f) Es gelten die gesetzlichen Verzugszinsen. Im Falle eines Zahlungsverzuges ist der Dienstleister berechtigt, \u20ac 15,00 je Mahnung zu verrechnen.<\/p>\n<p><!-- \/wp:paragraph --><\/p>\n<p><!-- wp:paragraph --><\/p>\n<p>g) fifty1 ist weiters berechtigt, die weitere Verwendung von fifty1 von der Zahlung der ausstehenden Forderung des Dienstleisters abh\u00e4ngig zu machen und den fifty1 -Account nach erstmaliger Mahnung unter Nachfristsetzung von 14 Tagen zu sperren. Die Verpflichtung des Teilnehmers zur Zahlung des Dienstleistungsentgeltes bleibt von der Sperre unber\u00fchrt.<\/p>\n<p><!-- \/wp:paragraph --><\/p>\n<p><!-- wp:heading --><\/p>\n<h2 class=\"wp-block-heading\">5. Voranmeldung &amp; Warteliste<\/h2>\n<p><!-- \/wp:heading --><\/p>\n<p><!-- wp:paragraph --><\/p>\n<p>Erkennt der Teilnehmer im Zuge seiner Anmeldung, dass die von ihm ausgew\u00e4hlte\/gew\u00fcnschte Dienstleistung zum Zeitpunkt seines Anmeldevorgangs ausgebucht ist, hat er die M\u00f6glichkeit, sich auf die Warteliste zu setzen.<\/p>\n<p><!-- \/wp:paragraph --><\/p>\n<p><!-- wp:paragraph --><\/p>\n<p>Der Teilnehmer wird, wenn entsprechende Ver\u00e4nderungen auf der Warteliste vor ihm erfolgen, automatisch vorgereiht und dann, sollte eine Teilnahme an der Dienstleistung f\u00fcr ihn m\u00f6glich werden, hiervon automatisch in elektronischer Form verst\u00e4ndigt. Auch in diesem Fall kommt der Vertrag erst mit Zugang der elektronischen Anmeldebest\u00e4tigung an den Teilnehmer zustande. Es entstehen zum Zeitpunkt der Voranmeldung bzw. Setzen auf die Warteliste keine Kosten.<\/p>\n<p><!-- \/wp:paragraph --><\/p>\n<p><!-- wp:heading --><\/p>\n<h2 class=\"wp-block-heading\">6. Stornierung durch den Teilnehmer<\/h2>\n<p><!-- \/wp:heading --><\/p>\n<p><!-- wp:paragraph --><\/p>\n<p>Erlaubt der Dienstleister eine automatisierte Stornierung \u00fcber fifty1 , so gelten nachfolgende Regelungen. Sollte keine Erlaubnis zur automatisierten Stornierung gegeben werden, so obliegt eine Einigung alleinig Dienstleister und Teilnehmer gem\u00e4\u00df den AGB des Dienstleisters.<\/p>\n<p><!-- \/wp:paragraph --><\/p>\n<p><!-- wp:paragraph --><\/p>\n<p>a)&nbsp;<u>Stornierung vor Ablauf der Anmeldefrist<\/u><\/p>\n<p><!-- \/wp:paragraph --><\/p>\n<p><!-- wp:paragraph --><\/p>\n<p>Sollte kein Stornierungszeitpunkt durch den Dienstleister gesetzt werden, so ist eine Stornierung der Anmeldung nur bis 72 Stunden vor Anmeldeschluss (z.B.: Anmeldeschluss 15.3., 17.00 Uhr, daher Stornierung bis sp\u00e4testens 12.3., 17.00 Uhr) der jeweiligen Dienstleistung, welcher vom jeweiligen Dienstleister im vorhinein festgelegt wird und auf dem Internetanmeldeportal ersichtlich ist, m\u00f6glich. <mark style=\"background-color:rgba(0, 0, 0, 0)\" class=\"has-inline-color has-pale-pink-color\">Die Stornierung kann grunds\u00e4tzlich \u00fcber das Internet-Portal erfolgen, dies durch Klick auf das \u201estornieren\u201c-Feld im elektronischen Anmeldesystem in der Buchungs\u00fcbersicht des Teilnehmers. Wird eine Stornierung auf anderem Wege vorgenommen, so muss diese Stornierung zwingend die in der Anmeldebest\u00e4tigung angef\u00fchrte Identifizierungsnummer sowie die Bankverbindung (IBAN, BIC) des Stornierenden aufweisen. Ohne Angabe dieser Identifizierungsnummer kann eine Stornierung nicht erfolgen.<\/mark><\/p>\n<p><!-- \/wp:paragraph --><\/p>\n<p><!-- wp:paragraph --><\/p>\n<p>Im Falle der Stornierung der Anmeldung durch einen Teilnehmer bis 72 Stunden vor Anmeldeschluss ist fifty1 berechtigt, sich 50% von der jeweiligen Dienstleistungsgeb\u00fchr an Stornogeb\u00fchr einzubehalten. Die restliche Dienstleistungsgeb\u00fchr ist von der fifty1 an den Teilnehmer auf das von ihm anl\u00e4\u00dflich der Stornierung bekanntgegebene Konto schuldbefreiend r\u00fcckzu\u00fcberweisen.<\/p>\n<p><!-- \/wp:paragraph --><\/p>\n<p><!-- wp:paragraph --><\/p>\n<p>b)&nbsp;<u>Dienstleistungen ohne ausgezeichneten Anmeldeschluss<\/u><\/p>\n<p><!-- \/wp:paragraph --><\/p>\n<p><!-- wp:paragraph --><\/p>\n<p>Bei Dienstleistungen ohne vom Dienstleister vorgegebene Anmeldefristen wird dem Teilnehmer keine Stornierungsm\u00f6glichkeit \u00fcber die Plattform einger\u00e4umt.<\/p>\n<p><!-- \/wp:paragraph --><\/p>\n<p><!-- wp:paragraph --><\/p>\n<p>c)&nbsp;<u>Stornierung eines Platzes auf der Warteliste<\/u><\/p>\n<p><!-- \/wp:paragraph --><\/p>\n<p><!-- wp:paragraph --><\/p>\n<p>Der Teilnehmer kann, sofern er sich auf der Warteliste befindet, diese Voranmeldung jederzeit online durch Klick auf das \u201estornieren\u201c-Feld im elektronischen Anmeldesystem stornieren, wodurch die Reservierung aufgehoben wird. In diesem Fall fallen keinerlei Kosten an.<\/p>\n<p><!-- \/wp:paragraph --><\/p>\n<p><!-- wp:paragraph --><\/p>\n<p>d)&nbsp;<u>Nachtr\u00e4gliche Abmeldung<\/u><\/p>\n<p><!-- \/wp:paragraph --><\/p>\n<p><!-- wp:paragraph --><\/p>\n<p>F\u00fcr eine Abmeldung nach der 72-st\u00fcndigen Frist vor Anmeldeschlu\u00df im Sinne des Punktes 6. a) sieht fifty1 keine technische M\u00f6glichkeit vor. Ob eine Abmeldung nach der 72-st\u00fcndigen Frist noch m\u00f6glich ist, legt der jeweilige Dienstleister individuell fest, so dass die Abmeldung in diesem Fall ausschlie\u00dflich \u00fcber den jeweiligen Dienstleister zu erfolgen hat.<\/p>\n<p><!-- \/wp:paragraph --><\/p>\n<p><!-- wp:heading --><\/p>\n<h2 class=\"wp-block-heading\">7. Absage der Dienstleistung durch den Dienstleister<\/h2>\n<p><!-- \/wp:heading --><\/p>\n<p><!-- wp:paragraph --><\/p>\n<p>a) F\u00fcr die Absage der jeweils angebotenen Dienstleistung ist der Dienstleister verantwortlich. In diesem Fall hat sich der Teilnehmer mit all seinen Anspr\u00fcchen an diesen zu wenden.<\/p>\n<p><!-- \/wp:paragraph --><\/p>\n<p><!-- wp:paragraph --><\/p>\n<p>b) Im Fall einer Dienstleistungsabsage ist die fifty1 im Verh\u00e4ltnis zur Dienstleistungsgeb\u00fchr berechtigt, dem Dienstleister f\u00fcr ihre T\u00e4tigkeit eine Provision in Rechnung zu stellen. Ob diese Provision dem Teilnehmer vom Dienstleister weiterverrechnet wird oder nicht, obliegt dem Dienstleister. F\u00fcr den Fall der Weiterverrechnung wird die konkrete H\u00f6he dieser Provision anl\u00e4sslich des Anmeldevorganges dem Teilnehmer vor Vertragsabschluss bekanntgegeben.<\/p>\n<p><!-- \/wp:paragraph --><\/p>\n<p><!-- wp:heading --><\/p>\n<h2 class=\"wp-block-heading\">8. R\u00fccktritt vom Fernabsatzgesch\u00e4ft<\/h2>\n<p><!-- \/wp:heading --><\/p>\n<p><!-- wp:paragraph --><\/p>\n<p><u>a) Dienstleistungen&nbsp;<strong>mit ausgezeichneten<\/strong>&nbsp;Anmeldeschluss<\/u><\/p>\n<p><!-- \/wp:paragraph --><\/p>\n<p><!-- wp:paragraph --><\/p>\n<p>Die fifty1 vermittelt Freizeit-Dienstleistungen im Sinne des \u00a7 5c Abs 4 Z 2 KSchG sowie des \u00a7 5f Z 7 KSchG. Dem Teilnehmer steht daher kein R\u00fccktrittsrecht nach \u00a7 5e KSchG aufgrund des Ausnahmetatbestandes des \u00a7 5f Z 7 KSchG zu.<\/p>\n<p><!-- \/wp:paragraph --><\/p>\n<p><!-- wp:paragraph --><\/p>\n<p><u>b) Dienstleistungen&nbsp;<strong>ohne ausgezeichneten&nbsp;<\/strong>Anmeldeschluss oder Produktk\u00e4ufe<\/u><\/p>\n<p><!-- \/wp:paragraph --><\/p>\n<p><!-- wp:paragraph --><\/p>\n<p>Die R\u00fccktrittsfrist f\u00fcr einen Verbraucher gem. KSchG vom Vertragsschluss im Fernabsatz betr\u00e4gt 2 Wochen. Sie beginnt bei Dienstleistungen ohne ausgezeichneten Anmeldeschluss oder Produktk\u00e4ufen mit dem Tag des Vertragsabschlusses. Der Tag des Ausl\u00f6sens der Frist (Vertragsabschluss bzw. Eingang beim Kunden) z\u00e4hlt nicht mit. Der R\u00fccktritt kann ohne Angabe von Gr\u00fcnden schriftlich per Mail, Fax oder Brief an die fifty1 innerhalb der R\u00fccktrittsfrist an die untenstehende Adresse erfolgen:<\/p>\n<p><!-- \/wp:paragraph --><\/p>\n<p><!-- wp:table {\"className\":\"uk-table uk-table-divider\"} --><\/p>\n<figure class=\"wp-block-table uk-table uk-table-divider\">\n<table class=\"has-fixed-layout\">\n<tbody>\n<tr>\n<td>\n<p>Am Belvedere 4<\/p>\n<\/td>\n<td>Tel.: +43 676 960 95 51<\/td>\n<\/tr>\n<tr>\n<td>1100 Wien<\/td>\n<td>Email:&nbsp;<a href=\"mailto:hello@fifty1.co\">hello@fifty1.co<\/a><\/td>\n<\/tr>\n<tr>\n<td colspan=\"2\">\u00d6sterreich<\/td>\n<\/tr>\n<\/tbody>\n<\/table>\n<\/figure>\n<p><!-- \/wp:table --><\/p>\n<p><!-- wp:paragraph --><\/p>\n<p>Tritt der Verbraucher vom Vertrag zur\u00fcck, so hat Zug um Zug, der Dienstleister die vom Verbraucher geleisteten Zahlungen zu erstatten und den vom Verbraucher auf die Sache gemachten notwendigen und n\u00fctzlichen Aufwand zu ersetzen. Der Verbraucher hat die empfangenen Leistungen zur\u00fcckzustellen und dem Dienstleister ein angemessenes Entgelt f\u00fcr die Ben\u00fctzung, einschlie\u00dflich einer Entsch\u00e4digung f\u00fcr eine damit verbundene Minderung des gemeinen Wertes der Leistung, zu zahlen. Die \u00dcbernahme der Leistungen durch den Verbraucher ist f\u00fcr sich allein nicht als Wertminderung anzusehen.<\/p>\n<p><!-- \/wp:paragraph --><\/p>\n<p><!-- wp:paragraph --><\/p>\n<p>Ist der Kunde Unternehmer gem. \u00a71 Abs 2 UGB, so ist ein Widerruf g\u00e4nzlich ausgeschlossen.<\/p>\n<p><!-- \/wp:paragraph --><\/p>\n<p><!-- wp:heading --><\/p>\n<h2 class=\"wp-block-heading\">9. Gew\u00e4hrleistung\/Haftung<\/h2>\n<p><!-- \/wp:heading --><\/p>\n<p><!-- wp:paragraph --><\/p>\n<p>a) F\u00fcr seine eigenen Dienste (nicht aber f\u00fcr die Erf\u00fcllung der \u201eDienstleistungsvertr\u00e4ge\u201c) leistet fifty1 Gew\u00e4hr im Sinne der Bestimmungen der \u00a7\u00a7 922 ff ABGB.<\/p>\n<p><!-- \/wp:paragraph --><\/p>\n<p><!-- wp:paragraph --><\/p>\n<p>b) fifty1 wird f\u00fcr die Anforderungen und Bed\u00fcrfnisse der Allgemeinheit erstellt. fifty1 \u00fcbernimmt keine Gew\u00e4hr und Haftung f\u00fcr die inhaltliche Richtigkeit, Aktualit\u00e4t, Fehlerfreiheit oder Vollst\u00e4ndigkeit der angebotenen Dienste, sowie f\u00fcr eine bestimmte Verwendbarkeit. fifty1 haftet dem Nutzer nicht f\u00fcr eine allf\u00e4llige Unterbrechung, St\u00f6rung, Versp\u00e4tung, L\u00f6schung, Fehl\u00fcbertragung, oder einen Speicherausfall im Zusammenhang mit der Inanspruchnahme der Dienste bzw. der Kommunikation.<\/p>\n<p><!-- \/wp:paragraph --><\/p>\n<p><!-- wp:paragraph --><\/p>\n<p>c) Die Haftung von fifty1 und die ihrer Organe, Angestellten, Auftragnehmer oder sonstigen Erf\u00fcllungsgehilfen (\u201eLeute\u201c) ist im Grunde nach auf Vorsatz oder grobe Fahrl\u00e4ssigkeit beschr\u00e4nkt; die Haftung f\u00fcr leichte Fahrl\u00e4ssigkeit ist ausgeschlossen. Dieser Haftungsausschluss gilt nicht f\u00fcr Personensch\u00e4den und Sch\u00e4den an Sachen, die fifty1 zur Bearbeitung \u00fcbernommen hat. Soweit die Haftung von fifty1 ausgeschlossen oder beschr\u00e4nkt ist, gilt dies auch f\u00fcr die pers\u00f6nliche Haftung ihrer \u201eLeute\u201c.<\/p>\n<p><!-- \/wp:paragraph --><\/p>\n<p><!-- wp:paragraph --><\/p>\n<p>d) fifty1 haftet nur f\u00fcr eigene Inhalte. Soweit fifty1 mit Links den Zugang zu anderen Websites erm\u00f6glicht, ist fifty1 f\u00fcr die dort enthaltenen fremden Inhalte nicht verantwortlich. fifty1 macht sich die fremden Inhalte nicht zu Eigen. Sofern Inhalte nach Ansicht des Nutzers dessen Rechte verletzen, dies bitte an&nbsp;<a href=\"mailto:hello@fifty1.co\">hello@fifty1.co<\/a>&nbsp;melden.<\/p>\n<p><!-- \/wp:paragraph --><\/p>\n<p><!-- wp:heading --><\/p>\n<h2 class=\"wp-block-heading\">10. Sonstiges<\/h2>\n<p><!-- \/wp:heading --><\/p>\n<p><!-- wp:paragraph --><\/p>\n<p>a) Sollten einzelne Bestimmungen dieses Vertrages ganz oder teilweise unwirksam sein oder werden, oder sollte sich in dem Vertrag eine L\u00fccke befinden, so soll hierdurch die G\u00fcltigkeit der \u00fcbrigen Bestimmungen nicht ber\u00fchrt werden.<\/p>\n<p><!-- \/wp:paragraph --><\/p>\n<p><!-- wp:paragraph --><\/p>\n<p>b) Der gegenst\u00e4ndliche Vertrag regelt die Vertragsbeziehungen der Vertragsparteien abschlie\u00dfend. M\u00fcndliche Nebenabreden verlieren mit Abschluss des gegenst\u00e4ndlichen Vertrages ihre Wirksamkeit.<\/p>\n<p><!-- \/wp:paragraph --><\/p>\n<p><!-- wp:paragraph --><\/p>\n<p>c) \u00c4nderungen und Erg\u00e4nzungen des Vertrages bed\u00fcrfen der Schriftform. Das gilt auch f\u00fcr ein Abgehen von dem Schriftformerfordernis. Erkl\u00e4rungen per E-Mail, Telefax oder \u00fcber die Abfragemaske entsprechen der Schriftform.<\/p>\n<p><!-- \/wp:paragraph --><\/p>\n<p><!-- wp:paragraph --><\/p>\n<p>d) Soweit in diesem Vertrag auf nat\u00fcrliche Personen bezogene Bezeichnungen nur in m\u00e4nnlicher Form angef\u00fchrt sind, beziehen sie sich auf Frauen und M\u00e4nner in gleicher Weise. Bei der Anwendung der Bezeichnung auf bestimmte nat\u00fcrliche Personen ist die jeweils geschlechtsspezifische Form zu verwenden.<\/p>\n<p><!-- \/wp:paragraph --><\/p>\n<p><!-- wp:paragraph --><\/p>\n<p>e) Im Rahmen dieser Veranstaltung k\u00f6nnen durch die oder im Auftrag der Veranstalter Fotografien und\/oder Filme erstellt werden. Mit der Anmeldung zur Veranstaltung nehme ich zur Kenntnis, dass Fotografien und Videomaterialien, auf denen ich abgebildet bin, zur Presse-Berichterstattung verwendet und in verschiedensten (Sozialen) Medien, Publikationen und auf Webseiten der fifty1 GmbH und der FHWien der WKW ver\u00f6ffentlicht werden. N\u00e4heres entnehmen Sie bitte unserer\u00a0<a href=\"https:\/\/www.transformationcamp.com\/ticket-shop\/datenschutz\">Datenschutzerkl\u00e4rung<\/a>.<\/p>\n<p><!-- \/wp:paragraph --><\/p>\n<p><!-- wp:heading --><\/p>\n<h2 class=\"wp-block-heading\">11. Anwendbares Recht\/Gerichtsstand\/Erf\u00fcllungsort<\/h2>\n<p><!-- \/wp:heading --><\/p>\n<p><!-- wp:paragraph --><\/p>\n<p>a) Auf dieses Vertragsverh\u00e4ltnis findet materielles \u00f6sterreichisches Recht Anwendung.<\/p>\n<p><!-- \/wp:paragraph --><\/p>\n<p><!-- wp:paragraph --><\/p>\n<p>b) Als Gerichtstand f\u00fcr alle sich mittelbar oder unmittelbar aus dem Vertrag ergebenden Streitigkeiten wird das f\u00fcr 1050 Wien \u00f6rtlich und sachlich zust\u00e4ndige \u00f6sterreichische Gericht vereinbart. Ist der Nutzer Verbraucher, gilt dieser Gerichtstand nur dann als vereinbart, wenn er in diesem Gerichtssprengel seinen Wohnsitz, gew\u00f6hnlichen Aufenthalt oder Ort der Besch\u00e4ftigung hat oder wenn er im Ausland wohnt. Es wird somit jedenfalls ein Gerichtsstand in \u00d6sterreich vereinbart.<\/p>\n<p><!-- \/wp:paragraph --><\/p>\n<p><!-- wp:paragraph --><\/p>\n<p>c) Der Erf\u00fcllungsort f\u00fcr die vertragsgegenst\u00e4ndlichen Leistungen ist in 1050 Wien.<\/p>\n<p><!-- \/wp:paragraph --><\/p>\n<p><!-- wp:paragraph --><\/p>\n<p>d) fifty1 erkennt den Internet Ombudsmann als au\u00dfergerichtliche Schlichtungsstelle an. Bei weiteren Fragen zum Thema Streitschlichtung kann sich der Nutzer an unseren Support:&nbsp;<a href=\"mailto:hello@fifty1.co\">hello@fifty1.co<\/a>&nbsp;oder den Internet Ombudsmann unter:&nbsp;<a href=\"http:\/\/www.ombudsmann.at\/\">www.ombudsmann.at<\/a>.<\/p>\n<p><!-- \/wp:paragraph --><\/p>\n<\/div><\/div><\/div><\/div><\/div>","protected":false},"excerpt":{"rendered":"","protected":false},"author":1,"featured_media":0,"parent":0,"menu_order":0,"comment_status":"closed","ping_status":"closed","template":"","meta":{"footnotes":""},"class_list":["post-389","page","type-page","status-publish","hentry"],"_links":{"self":[{"href":"https:\/\/transformationcamp.com\/ticket-shop\/wp-json\/wp\/v2\/pages\/389","targetHints":{"allow":["GET"]}}],"collection":[{"href":"https:\/\/transformationcamp.com\/ticket-shop\/wp-json\/wp\/v2\/pages"}],"about":[{"href":"https:\/\/transformationcamp.com\/ticket-shop\/wp-json\/wp\/v2\/types\/page"}],"author":[{"embeddable":true,"href":"https:\/\/transformationcamp.com\/ticket-shop\/wp-json\/wp\/v2\/users\/1"}],"replies":[{"embeddable":true,"href":"https:\/\/transformationcamp.com\/ticket-shop\/wp-json\/wp\/v2\/comments?post=389"}],"version-history":[{"count":3,"href":"https:\/\/transformationcamp.com\/ticket-shop\/wp-json\/wp\/v2\/pages\/389\/revisions"}],"predecessor-version":[{"id":1662,"href":"https:\/\/transformationcamp.com\/ticket-shop\/wp-json\/wp\/v2\/pages\/389\/revisions\/1662"}],"wp:attachment":[{"href":"https:\/\/transformationcamp.com\/ticket-shop\/wp-json\/wp\/v2\/media?parent=389"}],"curies":[{"name":"wp","href":"https:\/\/api.w.org\/{rel}","templated":true}]}}