{"id":68,"date":"2025-07-07T19:53:03","date_gmt":"2025-07-07T19:53:03","guid":{"rendered":"https:\/\/transformationcamp.com\/?page_id=68"},"modified":"2025-07-11T07:20:32","modified_gmt":"2025-07-11T07:20:32","slug":"impressum","status":"publish","type":"page","link":"https:\/\/transformationcamp.com\/ticket-shop\/impressum\/","title":{"rendered":"Impressum"},"content":{"rendered":"\n<p>fifty1 GmbH<br>QBC 4 - Am Belvedere 4<br>1100 Wien<\/p>\n\n\n\n<p>Gesch\u00e4ftsf\u00fchrung: Oskar Dohrau<\/p>\n\n\n\n<p>Telefonnummer: <a href=\"tel:+436769609551\">+43 676 960 95 51<\/a><br>E-Mailadresse:&nbsp;<a href=\"mailto:hello@fifty1.co\">hello@fifty1.co<\/a><\/p>\n\n\n\n<p>FN 463235d<br>UID ATU71893604<br>HG Wien<\/p>\n\n\n\n<h2 class=\"wp-block-heading\">F\u00fcr den Inhalt verantwortlich:<\/h2>\n\n\n\n<p>fifty1 GmbH<\/p>\n\n\n\n<p>Copyright: Alle Texte, Fotos &amp; Daten. Alle Rechte vorbehalten. Alle Angaben sind ohne Gew\u00e4hr.<\/p>\n\n\n\n<h2 class=\"wp-block-heading\">Haftungsausschluss \/ \u00a7 5 ECG<\/h2>\n\n\n\n<p>Die Autor:innen dieser Webseiten sind bestrebt, die hier angebotenen Informationen nach bestem Wissen und Gewissen vollst\u00e4ndig und richtig darzustellen und aktuell zu halten. Dennoch k\u00f6nnen sie keinerlei Haftung f\u00fcr Sch\u00e4den \u00fcbernehmen, die sich aus der Nutzung der angebotenen Informationen ergeben k\u00f6nnen \u2013 auch wenn diese auf die Nutzung von allenfalls unvollst\u00e4ndigen bzw. fehlerhaften Informationen zur\u00fcckzuf\u00fchren sind.<\/p>\n\n\n\n<p>Verweise auf fremde Webseiten liegen au\u00dferhalb des Verantwortungsbereiches der Autor:innen. Eine Haftung f\u00fcr die Inhalte von verlinkten Seiten ist ausgeschlossen, zumal die Autor:innen keinen Einfluss auf Inhalte wie Gestaltung von gelinkten Seiten haben. F\u00fcr Inhalte von Seiten, auf welche von Seiten dieser Webseiten verwiesen wird, haften somit allein die Anbieter:innen dieser fremden Webseiten \u2013 niemals jedoch diejenigen, die durch einen Link auf fremde Publikationen und Inhalte verweisen. Sollten gelinkte Seiten (insbesondere durch Ver\u00e4nderung der Inhalte nach dem Setzen des Links) illegale, fehlerhafte, unvollst\u00e4ndige, beleidigende oder sittenwidrige Informationen beinhalten und werden die Autor:innen dieser Seite auf derartige Inhalte von gelinkten Seiten aufmerksam (gemacht), so werden sie einen Link auf derartige Seiten unverz\u00fcglich unterbinden.<\/p>\n\n\n\n<h2 class=\"wp-block-heading\">Urheberrecht<\/h2>\n\n\n\n<p>Die von den Autor:innen selbst erstellten Inhalte (Texte und Bilder) dieser Seiten sind urheberrechtlich gesch\u00fctzt. Die Informationen sind nur f\u00fcr die pers\u00f6nliche Verwendung bestimmt. Jede den Bestimmungen des Urheberrechtsgesetzes widersprechende Verwendung jeglicher Inhalte dieser Webseiten \u2013 insbesondere die weitergehende Nutzung wie beispielsweise die Ver\u00f6ffentlichung, Vervielf\u00e4ltigung und jede Form von gewerblicher Nutzung sowie die Weitergabe an Dritte \u2013 auch in Teilen oder in \u00fcberarbeiteter Form \u2013 ohne ausdr\u00fcckliche Zustimmung der Autor:innen ist untersagt.<\/p>\n\n\n\n<h2 class=\"wp-block-heading\">Informationsinhalt<\/h2>\n\n\n\n<p>Die Informationen dieser Webseiten k\u00f6nnen ohne vorherige Ank\u00fcndigung ge\u00e4ndert, entfernt oder erg\u00e4nzt werden. Die Autor:innen k\u00f6nnen daher keine Garantie f\u00fcr die Korrektheit, Vollst\u00e4ndigkeit, Qualit\u00e4t oder Aktualit\u00e4t der bereitgestellten Informationen geben.<\/p>\n\n\n\n<h2 class=\"wp-block-heading\">Rechtswirksamkeit<\/h2>\n\n\n\n<p>Durch Nutzung dieser Webseiten unterliegt die Nutzer:innen den gegenst\u00e4ndlichen Nutzungsbedingungen. Diese sind Teil des WWW-Angebotes. Sofern Teile oder einzelne Formulierungen der Nutzungsbedingungen der geltenden Rechtslage nicht, nicht mehr oder nicht vollst\u00e4ndig entsprechen sollten, bleiben die \u00fcbrigen Teile der Nutzungsbedingungen in ihrem Inhalt und ihrer G\u00fcltigkeit davon unber\u00fchrt.<\/p>\n\n\n\n<p>Wir sind nicht bereit und nicht verpflichtet an einem Streitbeilegungsverfahren vor einer Verbraucherschlichtungsstelle teilzunehmen.<\/p>\n","protected":false},"excerpt":{"rendered":"<p>fifty1 GmbHQBC 4 &#8211; Am Belvedere 41100 Wien Gesch\u00e4ftsf\u00fchrung: Oskar Dohrau Telefonnummer: +43 676 960 95 51E-Mailadresse:&nbsp;hello@fifty1.co FN 463235dUID ATU71893604HG Wien F\u00fcr den Inhalt verantwortlich: fifty1 GmbH Copyright: Alle Texte, Fotos &amp; Daten. Alle Rechte vorbehalten. Alle Angaben sind ohne Gew\u00e4hr. Haftungsausschluss \/ \u00a7 5 ECG Die Autor:innen dieser Webseiten sind bestrebt, die hier angebotenen [&hellip;]<\/p>\n","protected":false},"author":1,"featured_media":0,"parent":0,"menu_order":0,"comment_status":"closed","ping_status":"closed","template":"","meta":{"footnotes":""},"class_list":["post-68","page","type-page","status-publish","hentry"],"_links":{"self":[{"href":"https:\/\/transformationcamp.com\/ticket-shop\/wp-json\/wp\/v2\/pages\/68","targetHints":{"allow":["GET"]}}],"collection":[{"href":"https:\/\/transformationcamp.com\/ticket-shop\/wp-json\/wp\/v2\/pages"}],"about":[{"href":"https:\/\/transformationcamp.com\/ticket-shop\/wp-json\/wp\/v2\/types\/page"}],"author":[{"embeddable":true,"href":"https:\/\/transformationcamp.com\/ticket-shop\/wp-json\/wp\/v2\/users\/1"}],"replies":[{"embeddable":true,"href":"https:\/\/transformationcamp.com\/ticket-shop\/wp-json\/wp\/v2\/comments?post=68"}],"version-history":[{"count":7,"href":"https:\/\/transformationcamp.com\/ticket-shop\/wp-json\/wp\/v2\/pages\/68\/revisions"}],"predecessor-version":[{"id":630,"href":"https:\/\/transformationcamp.com\/ticket-shop\/wp-json\/wp\/v2\/pages\/68\/revisions\/630"}],"wp:attachment":[{"href":"https:\/\/transformationcamp.com\/ticket-shop\/wp-json\/wp\/v2\/media?parent=68"}],"curies":[{"name":"wp","href":"https:\/\/api.w.org\/{rel}","templated":true}]}}